{"id":152,"date":"2023-04-08T12:02:26","date_gmt":"2023-04-08T10:02:26","guid":{"rendered":"http:\/\/klubmil.pl\/ksiegarnia\/?post_type=product&#038;p=152"},"modified":"2025-11-27T13:21:01","modified_gmt":"2025-11-27T12:21:01","slug":"smakowanie-czasu","status":"publish","type":"product","link":"https:\/\/klubmil.pl\/ksiegarnia\/produkt\/smakowanie-czasu\/","title":{"rendered":"Smakowanie czasu"},"content":{"rendered":"","protected":false},"excerpt":{"rendered":"<p>Wies\u0142aw Prastowski<br \/>\n<em>Smakowanie czasu<\/em><\/p>\n<p>Po pe\u0142n\u0105 informacj\u0119 zapraszamy na nasz\u0105 podstron\u0119:<br \/>\n<a href=\"http:\/\/klubmil.pl\/wydawnictwo-akwedukt\/60-prastowski-wieslaw-smakowanie-czasu\" rel=\"noopener\" target=\"_blank\">www.klubmil.pl\/wydawnictwo-akwedukt\/60-prastowski-wieslaw-smakowanie-czasu<\/a><\/p>\n","protected":false},"featured_media":153,"template":"","meta":[],"product_brand":[],"product_cat":[20],"product_tag":[],"class_list":{"0":"post-152","1":"product","2":"type-product","3":"status-publish","4":"has-post-thumbnail","6":"product_cat-ksiazki","8":"first","9":"outofstock","10":"shipping-taxable","11":"purchasable","12":"product-type-simple"},"_links":{"self":[{"href":"https:\/\/klubmil.pl\/ksiegarnia\/wp-json\/wp\/v2\/product\/152","targetHints":{"allow":["GET"]}}],"collection":[{"href":"https:\/\/klubmil.pl\/ksiegarnia\/wp-json\/wp\/v2\/product"}],"about":[{"href":"https:\/\/klubmil.pl\/ksiegarnia\/wp-json\/wp\/v2\/types\/product"}],"wp:featuredmedia":[{"embeddable":true,"href":"https:\/\/klubmil.pl\/ksiegarnia\/wp-json\/wp\/v2\/media\/153"}],"wp:attachment":[{"href":"https:\/\/klubmil.pl\/ksiegarnia\/wp-json\/wp\/v2\/media?parent=152"}],"wp:term":[{"taxonomy":"product_brand","embeddable":true,"href":"https:\/\/klubmil.pl\/ksiegarnia\/wp-json\/wp\/v2\/product_brand?post=152"},{"taxonomy":"product_cat","embeddable":true,"href":"https:\/\/klubmil.pl\/ksiegarnia\/wp-json\/wp\/v2\/product_cat?post=152"},{"taxonomy":"product_tag","embeddable":true,"href":"https:\/\/klubmil.pl\/ksiegarnia\/wp-json\/wp\/v2\/product_tag?post=152"}],"curies":[{"name":"wp","href":"https:\/\/api.w.org\/{rel}","templated":true}]}}